{"id":1750,"date":"2014-11-16T04:39:39","date_gmt":"2014-11-16T03:39:39","guid":{"rendered":"http:\/\/howes-data.thememount.com\/?page_id=1750"},"modified":"2024-05-08T10:13:33","modified_gmt":"2024-05-08T08:13:33","slug":"nos-metiers","status":"publish","type":"page","link":"https:\/\/rarenov.be\/index.php\/nos-metiers\/","title":{"rendered":"Nos M\u00e9tiers"},"content":{"rendered":"<section class=\"wpb-content-wrapper\"><p>[vc_row][vc_column]<div class=\"tm-element-heading-wrapper tm-heading-inner tm-element-align-left \">[vc_cta h2=\"CORE FEATURES & GREAT SERVICES\"  h2_use_theme_fonts=\"yes\"  h2_google_fonts=\"font_family:Arimo%3Aregular%2Citalic%2C700%2C700italic|font_style:700%20bold%20regular%3A700%3Anormal\"  h4_use_theme_fonts=\"yes\"  h4_google_fonts=\"font_family:Lato%3A100%2C100italic%2C300%2C300italic%2Cregular%2Citalic%2C700%2C700italic%2C900%2C900italic|font_style:300%20light%20regular%3A300%3Anormal\"  txt_align=\"left\"  i_css_animation=\"\" css_animation=\"\"][\/vc_cta]<\/div> <!-- .tm-element-heading-wrapper container --> [vc_row_inner][vc_column_inner width=&#8221;1\/2&#8243;]<div class=\"tm-sbox tm-sbox-iconalign-left none\">[vc_cta h2=\"CHAUFFAGE\"  h2_use_theme_fonts=\"yes\"  h2_google_fonts=\"font_family:Arimo%3Aregular%2Citalic%2C700%2C700italic|font_style:700%20bold%20regular%3A700%3Anormal\"  h4_use_theme_fonts=\"yes\"  h4_google_fonts=\"font_family:Lato%3A100%2C100italic%2C300%2C300italic%2Cregular%2Citalic%2C700%2C700italic%2C900%2C900italic|font_style:300%20light%20regular%3A300%3Anormal\"  txt_align=\"left\"  shape=\"square\"  style=\"transparent\"  color=\"grey\"  add_button=\"bottom\"  btn_title=\"Lire la suite\"  btn_link=\"url:https%3A%2F%2Frarenov.be%2Findex.php%2Fchauffage%2F|title:Chauffage\"  btn_style=\"text\"  btn_gradient_color_1=\"turquoise\"  btn_gradient_color_2=\"blue\"  btn_custom_background=\"#ededed\"  btn_custom_text=\"#666\"  btn_outline_custom_color=\"#666\"  btn_outline_custom_hover_background=\"#666\"  btn_outline_custom_hover_text=\"#fff\"  btn_color=\"skincolor\"  btn_size=\"md\"  add_icon=\"left\"  hover=\"none\"  i_type=\"material\"  i_icon_fontawesome=\"fa fa-thumbs-o-up\"  i_icon_openiconic=\"vc-oi vc-oi-dial\"  i_icon_typicons=\"typcn typcn-adjust-brightness\"  i_icon_entypo=\"entypo-icon entypo-icon-note\"  i_icon_linecons=\"vc_li vc_li-heart\"  i_icon_material=\"vc-material vc-material-done\"  i_color=\"skincolor\"  i_background_style=\"boxed-outline\"  i_background_color=\"skincolor\"  i_size=\"lg\"  btn_align=\"left\"  i_css_animation=\"\" css_animation=\"\"]Vous h\u00e9sitez encore sur le type de chauffage \u00e0 faire installer dans votre nouvelle maison ? Vous devez remplacer votre chaudi\u00e8re et vous ne savez pas vers quoi vous tourner ?<\/p>\n<div id=\"ConnectiveDocSignExtentionInstalled\" data-extension-version=\"1.0.4\"><\/div>\n<p>[\/vc_cta]<\/div><div class=\"tm-sbox tm-sbox-iconalign-left none\">[vc_cta h2=\"\u00c9LECTRICIT\u00c9\"  h2_use_theme_fonts=\"yes\"  h2_google_fonts=\"font_family:Arimo%3Aregular%2Citalic%2C700%2C700italic|font_style:700%20bold%20regular%3A700%3Anormal\"  h4_use_theme_fonts=\"yes\"  h4_google_fonts=\"font_family:Lato%3A100%2C100italic%2C300%2C300italic%2Cregular%2Citalic%2C700%2C700italic%2C900%2C900italic|font_style:300%20light%20regular%3A300%3Anormal\"  txt_align=\"left\"  shape=\"square\"  style=\"transparent\"  color=\"grey\"  add_button=\"bottom\"  btn_title=\"Lire la suite\"  btn_link=\"url:https%3A%2F%2Frarenov.be%2Findex.php%2Felectricite%2F|title:%C3%89lectricit%C3%A9\"  btn_style=\"text\"  btn_gradient_color_1=\"turquoise\"  btn_gradient_color_2=\"blue\"  btn_custom_background=\"#ededed\"  btn_custom_text=\"#666\"  btn_outline_custom_color=\"#666\"  btn_outline_custom_hover_background=\"#666\"  btn_outline_custom_hover_text=\"#fff\"  btn_color=\"skincolor\"  btn_size=\"md\"  add_icon=\"left\"  hover=\"none\"  i_type=\"material\"  i_icon_fontawesome=\"fa fa-thumbs-o-up\"  i_icon_openiconic=\"vc-oi vc-oi-dial\"  i_icon_typicons=\"typcn typcn-adjust-brightness\"  i_icon_entypo=\"entypo-icon entypo-icon-note\"  i_icon_linecons=\"vc_li vc_li-heart\"  i_icon_material=\"vc-material vc-material-done\"  i_color=\"skincolor\"  i_background_style=\"boxed-outline\"  i_background_color=\"skincolor\"  i_size=\"lg\"  btn_align=\"left\"  i_css_animation=\"\" css_animation=\"\"]R.A Renov, soci\u00e9t\u00e9 sp\u00e9cialis\u00e9e dans l\u2019\u00e9lectricit\u00e9 \u00e0 Anderlecht, se propose de prendre en charge ces travaux d\u2019installation afin de garantir le parfait fonctionnement du syst\u00e8me.<\/p>\n<div id=\"ConnectiveDocSignExtentionInstalled\" data-extension-version=\"1.0.4\"><\/div>\n<p>[\/vc_cta]<\/div><div class=\"tm-sbox tm-sbox-iconalign-left none\">[vc_cta h2=\"ISOLATION FACADE TOITURE\"  h2_use_theme_fonts=\"yes\"  h2_google_fonts=\"font_family:Arimo%3Aregular%2Citalic%2C700%2C700italic|font_style:700%20bold%20regular%3A700%3Anormal\"  h4_use_theme_fonts=\"yes\"  h4_google_fonts=\"font_family:Lato%3A100%2C100italic%2C300%2C300italic%2Cregular%2Citalic%2C700%2C700italic%2C900%2C900italic|font_style:300%20light%20regular%3A300%3Anormal\"  txt_align=\"left\"  shape=\"square\"  style=\"transparent\"  color=\"grey\"  add_button=\"bottom\"  btn_title=\"Lire la suite\"  btn_link=\"url:https%3A%2F%2Frarenov.be%2Findex.php%2Fisolation-facade-et-toiture%2F|title:%C3%89lectricit%C3%A9\"  btn_style=\"text\"  btn_gradient_color_1=\"turquoise\"  btn_gradient_color_2=\"blue\"  btn_custom_background=\"#ededed\"  btn_custom_text=\"#666\"  btn_outline_custom_color=\"#666\"  btn_outline_custom_hover_background=\"#666\"  btn_outline_custom_hover_text=\"#fff\"  btn_color=\"skincolor\"  btn_size=\"md\"  add_icon=\"left\"  hover=\"none\"  i_type=\"material\"  i_icon_fontawesome=\"fa fa-thumbs-o-up\"  i_icon_openiconic=\"vc-oi vc-oi-dial\"  i_icon_typicons=\"typcn typcn-adjust-brightness\"  i_icon_entypo=\"entypo-icon entypo-icon-note\"  i_icon_linecons=\"vc_li vc_li-heart\"  i_icon_material=\"vc-material vc-material-done\"  i_color=\"skincolor\"  i_background_style=\"boxed-outline\"  i_background_color=\"skincolor\"  i_size=\"lg\"  btn_align=\"left\"  i_css_animation=\"\" css_animation=\"\"]<\/p>\n<div class=\"vc_row wpb_row vc_inner vc_row-fluid\">\n<div class=\"wpb_column vc_column_container vc_col-sm-12\">\n<div class=\"vc_column-inner\">\n<div class=\"wpb_wrapper\">\n<div class=\"wpb_text_column wpb_content_element \">\n<div class=\"wpb_wrapper\">\n<p>La soci\u00e9t\u00e9 R.A Renov a plus d\u2019une corde \u00e0 son arc pour satisfaire vos besoins et prendre en charge vos travaux d\u2019isolation en Belgique. Mais nous ne nous arr\u00eatons pas l\u00e0 : nous pouvons aussi r\u00e9nover votre fa\u00e7ade !<\/p>\n<\/div>\n<\/div>\n<\/div>\n<\/div>\n<\/div>\n<\/div>\n<div id=\"ConnectiveDocSignExtentionInstalled\" data-extension-version=\"1.0.4\"><\/div>\n<p>[\/vc_cta]<\/div>[\/vc_column_inner][vc_column_inner width=&#8221;1\/2&#8243;]<div class=\"tm-sbox tm-sbox-iconalign-left none\">[vc_cta h2=\"CHAPES ET CARLLAGE\"  h2_use_theme_fonts=\"yes\"  h2_google_fonts=\"font_family:Arimo%3Aregular%2Citalic%2C700%2C700italic|font_style:700%20bold%20regular%3A700%3Anormal\"  h4_use_theme_fonts=\"yes\"  h4_google_fonts=\"font_family:Lato%3A100%2C100italic%2C300%2C300italic%2Cregular%2Citalic%2C700%2C700italic%2C900%2C900italic|font_style:300%20light%20regular%3A300%3Anormal\"  txt_align=\"left\"  shape=\"square\"  style=\"transparent\"  color=\"grey\"  add_button=\"bottom\"  btn_title=\"Lire la suite\"  btn_link=\"url:https%3A%2F%2Frarenov.be%2Findex.php%2Fright-sidebar%2F|title:Chapes%20et%20carrelage\"  btn_style=\"text\"  btn_gradient_color_1=\"turquoise\"  btn_gradient_color_2=\"blue\"  btn_custom_background=\"#ededed\"  btn_custom_text=\"#666\"  btn_outline_custom_color=\"#666\"  btn_outline_custom_hover_background=\"#666\"  btn_outline_custom_hover_text=\"#fff\"  btn_color=\"skincolor\"  btn_size=\"md\"  add_icon=\"left\"  hover=\"none\"  i_type=\"material\"  i_icon_fontawesome=\"fa fa-thumbs-o-up\"  i_icon_openiconic=\"vc-oi vc-oi-dial\"  i_icon_typicons=\"typcn typcn-adjust-brightness\"  i_icon_entypo=\"entypo-icon entypo-icon-note\"  i_icon_linecons=\"vc_li vc_li-heart\"  i_icon_material=\"vc-material vc-material-done\"  i_color=\"skincolor\"  i_background_style=\"boxed-outline\"  i_background_color=\"skincolor\"  i_size=\"lg\"  btn_align=\"left\"  i_css_animation=\"\" css_animation=\"\"]Vous pensez \u00e0 faire construire une nouvelle maison ? Vous aurez besoin d\u2019un ouvrier sp\u00e9cialis\u00e9 dans les chapes.<span style=\"color: #ffffff;\">____________________________<\/span><\/p>\n<div id=\"ConnectiveDocSignExtentionInstalled\" data-extension-version=\"1.0.4\"><\/div>\n<p>[\/vc_cta]<\/div><div class=\"tm-sbox tm-sbox-iconalign-left none\">[vc_cta h2=\"CLOISONS ET PLAFONDS\"  h2_use_theme_fonts=\"yes\"  h2_google_fonts=\"font_family:Arimo%3Aregular%2Citalic%2C700%2C700italic|font_style:700%20bold%20regular%3A700%3Anormal\"  h4_use_theme_fonts=\"yes\"  h4_google_fonts=\"font_family:Lato%3A100%2C100italic%2C300%2C300italic%2Cregular%2Citalic%2C700%2C700italic%2C900%2C900italic|font_style:300%20light%20regular%3A300%3Anormal\"  txt_align=\"left\"  shape=\"square\"  style=\"transparent\"  color=\"grey\"  add_button=\"bottom\"  btn_title=\"Lire la suite\"  btn_link=\"url:https%3A%2F%2Frarenov.be%2Findex.php%2Fcloisons-et-faux-plafonds%2F|title:%C3%89lectricit%C3%A9\"  btn_style=\"text\"  btn_gradient_color_1=\"turquoise\"  btn_gradient_color_2=\"blue\"  btn_custom_background=\"#ededed\"  btn_custom_text=\"#666\"  btn_outline_custom_color=\"#666\"  btn_outline_custom_hover_background=\"#666\"  btn_outline_custom_hover_text=\"#fff\"  btn_color=\"skincolor\"  btn_size=\"md\"  add_icon=\"left\"  hover=\"none\"  i_type=\"material\"  i_icon_fontawesome=\"fa fa-thumbs-o-up\"  i_icon_openiconic=\"vc-oi vc-oi-dial\"  i_icon_typicons=\"typcn typcn-adjust-brightness\"  i_icon_entypo=\"entypo-icon entypo-icon-note\"  i_icon_linecons=\"vc_li vc_li-heart\"  i_icon_material=\"vc-material vc-material-done\"  i_color=\"skincolor\"  i_background_style=\"boxed-outline\"  i_background_color=\"skincolor\"  i_size=\"lg\"  btn_align=\"left\"  i_css_animation=\"\" css_animation=\"\"]Pour modifier l\u2019agencement de votre maison ou pour permettre une meilleure isolation.<span style=\"color: #ffffff;\">_______<\/span><br \/>\nLes cloisons et plafonds en Gyproc sont la solution toute indiqu\u00e9e.<\/p>\n<div id=\"ConnectiveDocSignExtentionInstalled\" data-extension-version=\"1.0.4\"><\/div>\n<p>[\/vc_cta]<\/div><div class=\"tm-sbox tm-sbox-iconalign-left none\">[vc_cta h2=\"PLOMBERIE\"  h2_use_theme_fonts=\"yes\"  h2_google_fonts=\"font_family:Arimo%3Aregular%2Citalic%2C700%2C700italic|font_style:700%20bold%20regular%3A700%3Anormal\"  h4_use_theme_fonts=\"yes\"  h4_google_fonts=\"font_family:Lato%3A100%2C100italic%2C300%2C300italic%2Cregular%2Citalic%2C700%2C700italic%2C900%2C900italic|font_style:300%20light%20regular%3A300%3Anormal\"  txt_align=\"left\"  shape=\"square\"  style=\"transparent\"  color=\"grey\"  add_button=\"bottom\"  btn_title=\"Lire la suite\"  btn_link=\"url:https%3A%2F%2Frarenov.be%2Findex.php%2Fplomberie%2F|title:%C3%89lectricit%C3%A9\"  btn_style=\"text\"  btn_gradient_color_1=\"turquoise\"  btn_gradient_color_2=\"blue\"  btn_custom_background=\"#ededed\"  btn_custom_text=\"#666\"  btn_outline_custom_color=\"#666\"  btn_outline_custom_hover_background=\"#666\"  btn_outline_custom_hover_text=\"#fff\"  btn_color=\"skincolor\"  btn_size=\"md\"  add_icon=\"left\"  hover=\"none\"  i_type=\"material\"  i_icon_fontawesome=\"fa fa-thumbs-o-up\"  i_icon_openiconic=\"vc-oi vc-oi-dial\"  i_icon_typicons=\"typcn typcn-adjust-brightness\"  i_icon_entypo=\"entypo-icon entypo-icon-note\"  i_icon_linecons=\"vc_li vc_li-heart\"  i_icon_material=\"vc-material vc-material-done\"  i_color=\"skincolor\"  i_background_style=\"boxed-outline\"  i_background_color=\"skincolor\"  i_size=\"lg\"  btn_align=\"left\"  i_css_animation=\"\" css_animation=\"\"]R.A Renov est la soci\u00e9t\u00e9 qu\u2019il vous faut. Pour vos petits et gros travaux, nous vous envoyons un plombier \u00e0 Anderlecht ou ailleurs dans la r\u00e9gion, afin d\u2019entreprendre toutes les r\u00e9parations et am\u00e9liorations n\u00e9cessaires.<\/p>\n<p><span style=\"color: #ffffff;\">__________<\/span><\/p>\n<div id=\"ConnectiveDocSignExtentionInstalled\" data-extension-version=\"1.0.4\"><\/div>\n<p>[\/vc_cta]<\/div>[\/vc_column_inner][\/vc_row_inner][\/vc_column][\/vc_row]<\/p>\n<\/section>","protected":false},"excerpt":{"rendered":"<p>[vc_row][vc_column][vc_row_inner][vc_column_inner width=&#8221;1\/2&#8243;][\/vc_column_inner][vc_column_inner width=&#8221;1\/2&#8243;][\/vc_column_inner][\/vc_row_inner][\/vc_column][\/vc_row]<\/p>\n","protected":false},"author":1,"featured_media":0,"parent":0,"menu_order":13,"comment_status":"closed","ping_status":"closed","template":"","meta":{"footnotes":""},"class_list":["post-1750","page","type-page","status-publish","hentry"],"_links":{"self":[{"href":"https:\/\/rarenov.be\/index.php\/wp-json\/wp\/v2\/pages\/1750","targetHints":{"allow":["GET"]}}],"collection":[{"href":"https:\/\/rarenov.be\/index.php\/wp-json\/wp\/v2\/pages"}],"about":[{"href":"https:\/\/rarenov.be\/index.php\/wp-json\/wp\/v2\/types\/page"}],"author":[{"embeddable":true,"href":"https:\/\/rarenov.be\/index.php\/wp-json\/wp\/v2\/users\/1"}],"replies":[{"embeddable":true,"href":"https:\/\/rarenov.be\/index.php\/wp-json\/wp\/v2\/comments?post=1750"}],"version-history":[{"count":3,"href":"https:\/\/rarenov.be\/index.php\/wp-json\/wp\/v2\/pages\/1750\/revisions"}],"predecessor-version":[{"id":6219,"href":"https:\/\/rarenov.be\/index.php\/wp-json\/wp\/v2\/pages\/1750\/revisions\/6219"}],"wp:attachment":[{"href":"https:\/\/rarenov.be\/index.php\/wp-json\/wp\/v2\/media?parent=1750"}],"curies":[{"name":"wp","href":"https:\/\/api.w.org\/{rel}","templated":true}]}}