{"id":5881,"date":"2022-11-29T11:34:44","date_gmt":"2022-11-29T10:34:44","guid":{"rendered":"http:\/\/musconstruct.be\/?page_id=5881"},"modified":"2024-05-08T10:15:58","modified_gmt":"2024-05-08T08:15:58","slug":"chauffage","status":"publish","type":"page","link":"https:\/\/rarenov.be\/index.php\/chauffage\/","title":{"rendered":"Chauffage"},"content":{"rendered":"<section class=\"wpb-content-wrapper\"><p>[vc_row][vc_column]<div class=\"tm-element-heading-wrapper tm-heading-inner tm-element-align-left \">[vc_cta h2=\"La soci\u00e9t\u00e9 R.A Renov  installe votre chauffage au gaz\"  h2_use_theme_fonts=\"yes\"  h2_google_fonts=\"font_family:Arimo%3Aregular%2Citalic%2C700%2C700italic|font_style:700%20bold%20regular%3A700%3Anormal\"  h4=\"Vous h\u00e9sitez encore sur le type de chauffage \u00e0 faire installer dans votre nouvelle maison ? Vous devez remplacer votre chaudi\u00e8re et vous ne savez pas vers quoi vous tourner ? MR.A Renov , entreprise sp\u00e9cialis\u00e9e dans le domaine du chauffage \u00e0 Anderlecht, vous sugg\u00e8re de faire installer une chaudi\u00e8re \u00e0 condensation au gaz, qui vous permet de r\u00e9cup\u00e9rer jusqu\u2019\u00e0 30% des pertes d\u2019\u00e9nergie !\"  h4_use_theme_fonts=\"yes\"  h4_google_fonts=\"font_family:Lato%3A100%2C100italic%2C300%2C300italic%2Cregular%2Citalic%2C700%2C700italic%2C900%2C900italic|font_style:300%20light%20regular%3A300%3Anormal\"  txt_align=\"left\"  i_css_animation=\"\" css_animation=\"\"][\/vc_cta]<\/div> <!-- .tm-element-heading-wrapper container --> [vc_row_inner][vc_column_inner][vc_column_text]<\/p>\n<h2>Nos services<\/h2>\n<p>Faites appel \u00e0 nous pour :<\/p>\n<ul>\n<li>L\u2019installation de votre chauffage central<\/li>\n<li>La mise en place d\u2019une chaudi\u00e8re \u00e0 condensation<\/li>\n<li>L\u2019installation d\u2019un chauffe-eau (boiler)<\/li>\n<\/ul>\n<h2>Des marques qui ont fait leurs preuves<\/h2>\n<p>Pour nos installations de chauffage, nous n\u2019utilisons que des marques dont la qualit\u00e9 et la fiabilit\u00e9 sont reconnues. Nous comptons notamment Van Marcke et E.T.M. parmi nos fournisseurs r\u00e9guliers.<br \/>\n<strong><a href=\"https:\/\/musconstruct.be\/contact\/\">Contactez-nous<\/a><\/strong> afin de planifier un rendez-vous \u00e0 votre domicile. Depuis Anderlecht, nous nous d\u00e9pla\u00e7ons dans toute la Belgique pour mettre en place votre syst\u00e8me de chauffage.[\/vc_column_text][\/vc_column_inner][vc_column_inner][\/vc_column_inner][\/vc_row_inner][\/vc_column][\/vc_row][vc_row][vc_column]<div class=\"tm-element-heading-wrapper tm-heading-inner tm-element-align-left \">[vc_cta h2=\"Le chauffage par le solLe chauffage par le sol\"  h2_use_theme_fonts=\"yes\"  h2_google_fonts=\"font_family:Arimo%3Aregular%2Citalic%2C700%2C700italic|font_style:700%20bold%20regular%3A700%3Anormal\"  h4_use_theme_fonts=\"yes\"  h4_google_fonts=\"font_family:Lato%3A100%2C100italic%2C300%2C300italic%2Cregular%2Citalic%2C700%2C700italic%2C900%2C900italic|font_style:300%20light%20regular%3A300%3Anormal\"  txt_align=\"left\"  i_css_animation=\"\" css_animation=\"\"][\/vc_cta]<\/div> <!-- .tm-element-heading-wrapper container --> [vc_row_inner css=&#8221;.vc_custom_1434617785175{margin-bottom: 40px !important;}&#8221;][vc_column_inner width=&#8221;2\/3&#8243;][vc_images_carousel images=&#8221;5884,6098,6099,6100,6101&#8243; img_size=&#8221;450X350&#8243; speed=&#8221;3000&#8243; autoplay=&#8221;yes&#8221; hide_pagination_control=&#8221;yes&#8221; hide_prev_next_buttons=&#8221;yes&#8221; css=&#8221;.vc_custom_1670489457217{margin-left: 50px !important;}&#8221;][\/vc_column_inner][vc_column_inner width=&#8221;1\/3&#8243;][vc_column_text]<\/p>\n<div class=\"blog-article-lead\">Le chauffage par le sol est aujourd\u2019hui pl\u00e9biscit\u00e9 pour ses vertus \u00e9nerg\u00e9tiques, \u00e9conomiques et \u00e9cologiques. Mais savez-vous qu\u2019il permet aussi de refroidir la maison ? N\u2019aurait-il que des atouts ? Quels sont vraiment ses avantages et inconv\u00e9nients ?<\/div>\n<p>[\/vc_column_text][\/vc_column_inner][\/vc_row_inner][\/vc_column][\/vc_row][vc_row][vc_column][\/vc_column][\/vc_row]<\/p>\n<\/section>","protected":false},"excerpt":{"rendered":"<p>[vc_row][vc_column][vc_row_inner][vc_column_inner][vc_column_text] Nos services Faites appel \u00e0 nous pour : L\u2019installation de votre chauffage central La mise en place d\u2019une chaudi\u00e8re \u00e0 condensation L\u2019installation d\u2019un chauffe-eau (boiler) Des marques qui ont fait leurs preuves Pour nos installations de chauffage, nous n\u2019utilisons que des marques dont la qualit\u00e9 et la fiabilit\u00e9 sont reconnues. Nous comptons notamment Van [&hellip;]<\/p>\n","protected":false},"author":1,"featured_media":0,"parent":0,"menu_order":15,"comment_status":"closed","ping_status":"closed","template":"","meta":{"footnotes":""},"class_list":["post-5881","page","type-page","status-publish","hentry"],"_links":{"self":[{"href":"https:\/\/rarenov.be\/index.php\/wp-json\/wp\/v2\/pages\/5881","targetHints":{"allow":["GET"]}}],"collection":[{"href":"https:\/\/rarenov.be\/index.php\/wp-json\/wp\/v2\/pages"}],"about":[{"href":"https:\/\/rarenov.be\/index.php\/wp-json\/wp\/v2\/types\/page"}],"author":[{"embeddable":true,"href":"https:\/\/rarenov.be\/index.php\/wp-json\/wp\/v2\/users\/1"}],"replies":[{"embeddable":true,"href":"https:\/\/rarenov.be\/index.php\/wp-json\/wp\/v2\/comments?post=5881"}],"version-history":[{"count":1,"href":"https:\/\/rarenov.be\/index.php\/wp-json\/wp\/v2\/pages\/5881\/revisions"}],"predecessor-version":[{"id":6220,"href":"https:\/\/rarenov.be\/index.php\/wp-json\/wp\/v2\/pages\/5881\/revisions\/6220"}],"wp:attachment":[{"href":"https:\/\/rarenov.be\/index.php\/wp-json\/wp\/v2\/media?parent=5881"}],"curies":[{"name":"wp","href":"https:\/\/api.w.org\/{rel}","templated":true}]}}