{"id":5904,"date":"2022-11-29T12:44:09","date_gmt":"2022-11-29T11:44:09","guid":{"rendered":"http:\/\/musconstruct.be\/?page_id=5904"},"modified":"2024-05-06T09:55:56","modified_gmt":"2024-05-06T07:55:56","slug":"cloisons-et-faux-plafonds","status":"publish","type":"page","link":"https:\/\/rarenov.be\/index.php\/cloisons-et-faux-plafonds\/","title":{"rendered":"Cloisons et faux plafonds"},"content":{"rendered":"<section class=\"wpb-content-wrapper\"><p>[vc_row][vc_column]<div class=\"tm-element-heading-wrapper tm-heading-inner tm-element-align-left \">[vc_cta h2=\"Choisissez un expert pour vos cloisons en Gyproc\"  h2_use_theme_fonts=\"yes\"  h2_google_fonts=\"font_family:Arimo%3Aregular%2Citalic%2C700%2C700italic|font_style:700%20bold%20regular%3A700%3Anormal\"  h4=\"Pour modifier l\u2019agencement de votre maison ou pour permettre une meilleure isolation, les cloisons et plafonds en Gyproc sont la solution toute indiqu\u00e9e\"  h4_use_theme_fonts=\"yes\"  h4_google_fonts=\"font_family:Lato%3A100%2C100italic%2C300%2C300italic%2Cregular%2Citalic%2C700%2C700italic%2C900%2C900italic|font_style:300%20light%20regular%3A300%3Anormal\"  txt_align=\"left\"  i_css_animation=\"\" css_animation=\"\"][\/vc_cta]<\/div> <!-- .tm-element-heading-wrapper container --> [vc_row_inner][vc_column_inner][vc_column_text]Pour modifier l\u2019agencement de votre maison ou pour permettre une meilleure isolation, les cloisons et plafonds en Gyproc sont la solution toute indiqu\u00e9e. Et si vous voulez vous assurer un cloisonnage impeccable, la soci\u00e9t\u00e9 R.A Renov est une v\u00e9ritable r\u00e9f\u00e9rence ! Sp\u00e9cialistes du <strong>Gyproc \u00e0 Anderlecht<\/strong> et en r\u00e9gion bruxelloise, nous sommes toujours l\u00e0 pour rendre votre maison conforme \u00e0 vos d\u00e9sirs.<\/p>\n<h2>Une seule soci\u00e9t\u00e9 pour tous vos travaux de parach\u00e8vement<\/h2>\n<p>Nous nous chargeons de :<\/p>\n<ul>\n<li>La mise en place de cloisons en Gyproc<\/li>\n<li>La r\u00e9alisation de faux plafonds<\/li>\n<li>L\u2019isolation de votre int\u00e9rieur<\/li>\n<li>La d\u00e9coration : enduisage, peinture et finitions diverses<\/li>\n<\/ul>\n<h2>L\u2019expertise au service de votre confort<\/h2>\n<p>Notre \u00e9quipe est compos\u00e9e de 6 ouvriers exp\u00e9riment\u00e9s dans divers domaines de la construction et du parach\u00e8vement. Cela signifie que nous sommes toujours \u00e0 m\u00eame de vous conseiller dans vos choix et de vous orienter vers ce qui r\u00e9pondra le mieux \u00e0 vos attentes.<\/p>\n<p>Vous souhaitez commencer vos travaux le plus rapidement possible ? <strong><a href=\"https:\/\/rarenov.be\/index.php\/contact\/\">Contactez-nous<\/a><\/strong> d\u00e8s aujourd\u2019hui afin d\u2019obtenir votre devis gratuit ou de recevoir notre visite, \u00e0 Anderlecht ou ailleurs en Belgique !<\/p>\n<div id=\"ConnectiveDocSignExtentionInstalled\" data-extension-version=\"1.0.4\"><\/div>\n<p>[\/vc_column_text][\/vc_column_inner][vc_column_inner][\/vc_column_inner][\/vc_row_inner][\/vc_column][\/vc_row][vc_row][vc_column]<div class=\"tm-element-heading-wrapper tm-heading-inner tm-element-align-left \">[vc_cta h2=\"Le sp\u00e9cialiste des chapes et du carrelage\"  h2_use_theme_fonts=\"yes\"  h2_google_fonts=\"font_family:Arimo%3Aregular%2Citalic%2C700%2C700italic|font_style:700%20bold%20regular%3A700%3Anormal\"  h4_use_theme_fonts=\"yes\"  h4_google_fonts=\"font_family:Lato%3A100%2C100italic%2C300%2C300italic%2Cregular%2Citalic%2C700%2C700italic%2C900%2C900italic|font_style:300%20light%20regular%3A300%3Anormal\"  txt_align=\"left\"  i_css_animation=\"\" css_animation=\"\"][\/vc_cta]<\/div> <!-- .tm-element-heading-wrapper container --> [vc_row_inner css=&#8221;.vc_custom_1434617785175{margin-bottom: 40px !important;}&#8221;][vc_column_inner width=&#8221;2\/3&#8243;][vc_images_carousel images=&#8221;5907,6103&#8243; img_size=&#8221;450X350&#8243; speed=&#8221;3000&#8243; autoplay=&#8221;yes&#8221; hide_pagination_control=&#8221;yes&#8221; hide_prev_next_buttons=&#8221;yes&#8221; css=&#8221;.vc_custom_1670489489227{margin-left: 50px !important;}&#8221;][\/vc_column_inner][vc_column_inner width=&#8221;1\/3&#8243;][vc_column_text]Pour modifier l\u2019agencement de votre maison ou pour permettre une meilleure isolation, les cloisons et plafonds en Gyproc sont la solution toute indiqu\u00e9e.[\/vc_column_text][\/vc_column_inner][\/vc_row_inner][\/vc_column][\/vc_row]<\/p>\n<\/section>","protected":false},"excerpt":{"rendered":"<p>[vc_row][vc_column][vc_row_inner][vc_column_inner][vc_column_text]Pour modifier l\u2019agencement de votre maison ou pour permettre une meilleure isolation, les cloisons et plafonds en Gyproc sont la solution toute indiqu\u00e9e. Et si vous voulez vous assurer un cloisonnage impeccable, la soci\u00e9t\u00e9 R.A Renov est une v\u00e9ritable r\u00e9f\u00e9rence ! Sp\u00e9cialistes du Gyproc \u00e0 Anderlecht et en r\u00e9gion bruxelloise, nous sommes toujours l\u00e0 pour [&hellip;]<\/p>\n","protected":false},"author":1,"featured_media":0,"parent":0,"menu_order":16,"comment_status":"closed","ping_status":"closed","template":"","meta":{"footnotes":""},"class_list":["post-5904","page","type-page","status-publish","hentry"],"_links":{"self":[{"href":"https:\/\/rarenov.be\/index.php\/wp-json\/wp\/v2\/pages\/5904","targetHints":{"allow":["GET"]}}],"collection":[{"href":"https:\/\/rarenov.be\/index.php\/wp-json\/wp\/v2\/pages"}],"about":[{"href":"https:\/\/rarenov.be\/index.php\/wp-json\/wp\/v2\/types\/page"}],"author":[{"embeddable":true,"href":"https:\/\/rarenov.be\/index.php\/wp-json\/wp\/v2\/users\/1"}],"replies":[{"embeddable":true,"href":"https:\/\/rarenov.be\/index.php\/wp-json\/wp\/v2\/comments?post=5904"}],"version-history":[{"count":2,"href":"https:\/\/rarenov.be\/index.php\/wp-json\/wp\/v2\/pages\/5904\/revisions"}],"predecessor-version":[{"id":6210,"href":"https:\/\/rarenov.be\/index.php\/wp-json\/wp\/v2\/pages\/5904\/revisions\/6210"}],"wp:attachment":[{"href":"https:\/\/rarenov.be\/index.php\/wp-json\/wp\/v2\/media?parent=5904"}],"curies":[{"name":"wp","href":"https:\/\/api.w.org\/{rel}","templated":true}]}}