{"id":5911,"date":"2022-11-29T13:37:56","date_gmt":"2022-11-29T12:37:56","guid":{"rendered":"https:\/\/musconstruct.be\/?page_id=5911"},"modified":"2024-05-06T09:56:34","modified_gmt":"2024-05-06T07:56:34","slug":"electricite","status":"publish","type":"page","link":"https:\/\/rarenov.be\/index.php\/electricite\/","title":{"rendered":"\u00c9lectricit\u00e9"},"content":{"rendered":"<section class=\"wpb-content-wrapper\"><p>[vc_row][vc_column]<div class=\"tm-element-heading-wrapper tm-heading-inner tm-element-align-left \">[vc_cta h2=\"Un syst\u00e8me d\u2019\u00e9lectricit\u00e9 s\u00fbr et efficace\"  h2_use_theme_fonts=\"yes\"  h2_google_fonts=\"font_family:Arimo%3Aregular%2Citalic%2C700%2C700italic|font_style:700%20bold%20regular%3A700%3Anormal\"  h4=\"La mise en place de votre syst\u00e8me \u00e9lectrique est une t\u00e2che d\u00e9licate qui ne peut \u00eatre confi\u00e9e \u00e0 n\u2019importe qui, sous peine de vous retrouver avec des installations peu s\u00fbres.\"  h4_use_theme_fonts=\"yes\"  h4_google_fonts=\"font_family:Lato%3A100%2C100italic%2C300%2C300italic%2Cregular%2Citalic%2C700%2C700italic%2C900%2C900italic|font_style:300%20light%20regular%3A300%3Anormal\"  txt_align=\"left\"  i_css_animation=\"\" css_animation=\"\"][\/vc_cta]<\/div> <!-- .tm-element-heading-wrapper container --> [vc_row_inner][vc_column_inner][vc_column_text]La mise en place de votre syst\u00e8me \u00e9lectrique est une t\u00e2che d\u00e9licate qui ne peut \u00eatre confi\u00e9e \u00e0 n\u2019importe qui, sous peine de vous retrouver avec des installations peu s\u00fbres. R.A Renov, soci\u00e9t\u00e9 sp\u00e9cialis\u00e9e dans l\u2019<strong>\u00e9lectricit\u00e9 \u00e0 Anderlecht<\/strong>, se propose de prendre en charge ces travaux d\u2019installation afin de garantir le parfait fonctionnement du syst\u00e8me.<\/p>\n<h2>Faites appel \u00e0 nos \u00e9lectriciens<\/h2>\n<p>Notre \u00e9quipe est en mesure de :<\/p>\n<ul>\n<li>Faire l\u2019installation compl\u00e8te de votre syst\u00e8me \u00e9lectrique<\/li>\n<li>R\u00e9nover enti\u00e8rement un syst\u00e8me \u00e9lectrique qui ne correspond plus aux normes<\/li>\n<\/ul>\n<h2>Des installations certifi\u00e9es conformes<\/h2>\n<p>Une fois les travaux effectu\u00e9s, nous sommes habilit\u00e9s \u00e0 vous d\u00e9livrer un certificat de conformit\u00e9, qui garantira la s\u00fbret\u00e9 de vos installations. Vous en aurez notamment besoin si vous souhaitez louer ou revendre votre bien.<\/p>\n<p>Vous souhaitez faire appel \u00e0 nous pour des travaux d\u2019\u00e9lectricit\u00e9 ? <strong><a href=\"https:\/\/rarenov.be\/index.php\/contact\/\">Contactez-nous<\/a><\/strong> d\u00e8s maintenant afin de recevoir notre visite, \u00e0 Anderlecht ou ailleurs en Belgique !<\/p>\n<div id=\"ConnectiveDocSignExtentionInstalled\" data-extension-version=\"1.0.4\"><\/div>\n<p>[\/vc_column_text][\/vc_column_inner][vc_column_inner][\/vc_column_inner][\/vc_row_inner][\/vc_column][\/vc_row][vc_row][vc_column]<div class=\"tm-element-heading-wrapper tm-heading-inner tm-element-align-left \">[vc_cta h2=\"Faites appel \u00e0 nos \u00e9lectriciens\"  h2_use_theme_fonts=\"yes\"  h2_google_fonts=\"font_family:Arimo%3Aregular%2Citalic%2C700%2C700italic|font_style:700%20bold%20regular%3A700%3Anormal\"  h4_use_theme_fonts=\"yes\"  h4_google_fonts=\"font_family:Lato%3A100%2C100italic%2C300%2C300italic%2Cregular%2Citalic%2C700%2C700italic%2C900%2C900italic|font_style:300%20light%20regular%3A300%3Anormal\"  txt_align=\"left\"  i_css_animation=\"\" css_animation=\"\"][\/vc_cta]<\/div> <!-- .tm-element-heading-wrapper container --> [vc_row_inner css=&#8221;.vc_custom_1434617785175{margin-bottom: 40px !important;}&#8221;][vc_column_inner width=&#8221;2\/3&#8243;][vc_images_carousel images=&#8221;6107,6108,6109,6110,6111&#8243; img_size=&#8221;450X350&#8243; speed=&#8221;3000&#8243; autoplay=&#8221;yes&#8221; hide_pagination_control=&#8221;yes&#8221; css=&#8221;.vc_custom_1670489353565{margin-left: 50px !important;}&#8221;][\/vc_column_inner][vc_column_inner width=&#8221;1\/3&#8243;][vc_column_text]La mise en place de votre syst\u00e8me \u00e9lectrique est une t\u00e2che d\u00e9licate qui ne peut \u00eatre confi\u00e9e \u00e0 n\u2019importe qui, sous peine de vous retrouver avec des installations peu s\u00fbres.[\/vc_column_text][\/vc_column_inner][\/vc_row_inner][\/vc_column][\/vc_row]<\/p>\n<\/section>","protected":false},"excerpt":{"rendered":"<p>[vc_row][vc_column][vc_row_inner][vc_column_inner][vc_column_text]La mise en place de votre syst\u00e8me \u00e9lectrique est une t\u00e2che d\u00e9licate qui ne peut \u00eatre confi\u00e9e \u00e0 n\u2019importe qui, sous peine de vous retrouver avec des installations peu s\u00fbres. R.A Renov, soci\u00e9t\u00e9 sp\u00e9cialis\u00e9e dans l\u2019\u00e9lectricit\u00e9 \u00e0 Anderlecht, se propose de prendre en charge ces travaux d\u2019installation afin de garantir le parfait fonctionnement du syst\u00e8me. [&hellip;]<\/p>\n","protected":false},"author":1,"featured_media":0,"parent":0,"menu_order":17,"comment_status":"closed","ping_status":"closed","template":"","meta":{"footnotes":""},"class_list":["post-5911","page","type-page","status-publish","hentry"],"_links":{"self":[{"href":"https:\/\/rarenov.be\/index.php\/wp-json\/wp\/v2\/pages\/5911","targetHints":{"allow":["GET"]}}],"collection":[{"href":"https:\/\/rarenov.be\/index.php\/wp-json\/wp\/v2\/pages"}],"about":[{"href":"https:\/\/rarenov.be\/index.php\/wp-json\/wp\/v2\/types\/page"}],"author":[{"embeddable":true,"href":"https:\/\/rarenov.be\/index.php\/wp-json\/wp\/v2\/users\/1"}],"replies":[{"embeddable":true,"href":"https:\/\/rarenov.be\/index.php\/wp-json\/wp\/v2\/comments?post=5911"}],"version-history":[{"count":2,"href":"https:\/\/rarenov.be\/index.php\/wp-json\/wp\/v2\/pages\/5911\/revisions"}],"predecessor-version":[{"id":6211,"href":"https:\/\/rarenov.be\/index.php\/wp-json\/wp\/v2\/pages\/5911\/revisions\/6211"}],"wp:attachment":[{"href":"https:\/\/rarenov.be\/index.php\/wp-json\/wp\/v2\/media?parent=5911"}],"curies":[{"name":"wp","href":"https:\/\/api.w.org\/{rel}","templated":true}]}}