{"id":5962,"date":"2022-11-29T17:09:28","date_gmt":"2022-11-29T16:09:28","guid":{"rendered":"https:\/\/musconstruct.be\/?page_id=5962"},"modified":"2024-05-06T09:57:55","modified_gmt":"2024-05-06T07:57:55","slug":"isolation-facade-et-toiture","status":"publish","type":"page","link":"https:\/\/rarenov.be\/index.php\/isolation-facade-et-toiture\/","title":{"rendered":"Isolation fa\u00e7ade et toiture"},"content":{"rendered":"<section class=\"wpb-content-wrapper\"><p>[vc_row][vc_column]<div class=\"tm-element-heading-wrapper tm-heading-inner tm-element-align-left \">[vc_cta h2=\"R.A Renov se charge de l\u2019isolation de fa\u00e7ade et toiture\"  h2_use_theme_fonts=\"yes\"  h2_google_fonts=\"font_family:Arimo%3Aregular%2Citalic%2C700%2C700italic|font_style:700%20bold%20regular%3A700%3Anormal\"  h4=\"Vous r\u00eavez d\u2019une maison qui r\u00e9siste \u00e0 toutes les intemp\u00e9ries et qui soit parfaitement isol\u00e9e contre le froid ?\"  h4_use_theme_fonts=\"yes\"  h4_google_fonts=\"font_family:Lato%3A100%2C100italic%2C300%2C300italic%2Cregular%2Citalic%2C700%2C700italic%2C900%2C900italic|font_style:300%20light%20regular%3A300%3Anormal\"  txt_align=\"left\"  i_css_animation=\"\" css_animation=\"\"][\/vc_cta]<\/div> <!-- .tm-element-heading-wrapper container --> [vc_row_inner][vc_column_inner][vc_column_text]La soci\u00e9t\u00e9 R.A Renov a plus d\u2019une corde \u00e0 son arc pour satisfaire vos besoins et prendre en charge vos travaux d\u2019<strong>isolation en Belgique<\/strong>. Mais nous ne nous arr\u00eatons pas l\u00e0 : nous pouvons aussi r\u00e9nover enti\u00e8rement votre fa\u00e7ade !<\/p>\n<h2>Nos prestations en toitures et fa\u00e7ades<\/h2>\n<p>Nous sommes en mesure de r\u00e9aliser les prestations suivantes :<\/p>\n<ul>\n<li>Travaux d\u2019isolation int\u00e9rieure et ext\u00e9rieure<\/li>\n<li>Remplacement complet et isolation de la toiture<\/li>\n<li>Am\u00e9nagement des combles<\/li>\n<li>R\u00e9novation de fa\u00e7ade : nettoyage \u00e0 haute pression, sablage, peinture, bardage, etc.<\/li>\n<\/ul>\n<p>Nous sommes surtout actifs dans la r\u00e9gion d\u2019Anderlecht, mais nous nous d\u00e9pla\u00e7ons volontiers dans toute la Belgique pour effectuer des travaux de ce type.<\/p>\n<h2>R.A Renov vous conseille<\/h2>\n<p>Vous ne savez pas quoi choisir en terme d\u2019isolation ? Nous sommes l\u00e0 pour vous aider \u00e0 s\u00e9lectionner l\u2019isolant le mieux adapt\u00e9 \u00e0 vos besoins et \u00e0 votre budget.<br \/>\nVous avez des questions ? Vous voulez recevoir un devis gratuit ? N\u2019h\u00e9sitez pas \u00e0 <strong><a href=\"https:\/\/rarenov.be\/index.php\/contact\/\">nous contacter<\/a><\/strong> !<\/p>\n<div id=\"ConnectiveDocSignExtentionInstalled\" data-extension-version=\"1.0.4\"><\/div>\n<p>[\/vc_column_text][\/vc_column_inner][vc_column_inner][\/vc_column_inner][\/vc_row_inner][\/vc_column][\/vc_row][vc_row][vc_column]<div class=\"tm-element-heading-wrapper tm-heading-inner tm-element-align-left \">[vc_cta h2=\"R.A Renov se charge de l\u2019isolation de fa\u00e7ade et toiture\"  h2_use_theme_fonts=\"yes\"  h2_google_fonts=\"font_family:Arimo%3Aregular%2Citalic%2C700%2C700italic|font_style:700%20bold%20regular%3A700%3Anormal\"  h4_use_theme_fonts=\"yes\"  h4_google_fonts=\"font_family:Lato%3A100%2C100italic%2C300%2C300italic%2Cregular%2Citalic%2C700%2C700italic%2C900%2C900italic|font_style:300%20light%20regular%3A300%3Anormal\"  txt_align=\"left\"  i_css_animation=\"\" css_animation=\"\"][\/vc_cta]<\/div> <!-- .tm-element-heading-wrapper container --> [vc_row_inner css=&#8221;.vc_custom_1434617785175{margin-bottom: 40px !important;}&#8221;][vc_column_inner width=&#8221;2\/3&#8243;][vc_images_carousel images=&#8221;5950,6133,6134,6135,6136,6137,6138&#8243; img_size=&#8221;450X350&#8243; speed=&#8221;3000&#8243; autoplay=&#8221;yes&#8221; hide_pagination_control=&#8221;yes&#8221; hide_prev_next_buttons=&#8221;yes&#8221; css=&#8221;.vc_custom_1670489553224{margin-left: 50px !important;}&#8221;][\/vc_column_inner][vc_column_inner width=&#8221;1\/3&#8243;][vc_column_text]La soci\u00e9t\u00e9 RA-Renov SRL a plus d\u2019une corde \u00e0 son arc pour satisfaire vos besoins et prendre en charge vos travaux d\u2019<strong>isolation en Belgique<\/strong>.[\/vc_column_text][\/vc_column_inner][\/vc_row_inner][\/vc_column][\/vc_row]<\/p>\n<\/section>","protected":false},"excerpt":{"rendered":"<p>[vc_row][vc_column][vc_row_inner][vc_column_inner][vc_column_text]La soci\u00e9t\u00e9 R.A Renov a plus d\u2019une corde \u00e0 son arc pour satisfaire vos besoins et prendre en charge vos travaux d\u2019isolation en Belgique. Mais nous ne nous arr\u00eatons pas l\u00e0 : nous pouvons aussi r\u00e9nover enti\u00e8rement votre fa\u00e7ade ! Nos prestations en toitures et fa\u00e7ades Nous sommes en mesure de r\u00e9aliser les prestations suivantes [&hellip;]<\/p>\n","protected":false},"author":1,"featured_media":0,"parent":0,"menu_order":19,"comment_status":"closed","ping_status":"closed","template":"","meta":{"footnotes":""},"class_list":["post-5962","page","type-page","status-publish","hentry"],"_links":{"self":[{"href":"https:\/\/rarenov.be\/index.php\/wp-json\/wp\/v2\/pages\/5962","targetHints":{"allow":["GET"]}}],"collection":[{"href":"https:\/\/rarenov.be\/index.php\/wp-json\/wp\/v2\/pages"}],"about":[{"href":"https:\/\/rarenov.be\/index.php\/wp-json\/wp\/v2\/types\/page"}],"author":[{"embeddable":true,"href":"https:\/\/rarenov.be\/index.php\/wp-json\/wp\/v2\/users\/1"}],"replies":[{"embeddable":true,"href":"https:\/\/rarenov.be\/index.php\/wp-json\/wp\/v2\/comments?post=5962"}],"version-history":[{"count":3,"href":"https:\/\/rarenov.be\/index.php\/wp-json\/wp\/v2\/pages\/5962\/revisions"}],"predecessor-version":[{"id":6212,"href":"https:\/\/rarenov.be\/index.php\/wp-json\/wp\/v2\/pages\/5962\/revisions\/6212"}],"wp:attachment":[{"href":"https:\/\/rarenov.be\/index.php\/wp-json\/wp\/v2\/media?parent=5962"}],"curies":[{"name":"wp","href":"https:\/\/api.w.org\/{rel}","templated":true}]}}