{"id":5970,"date":"2022-11-29T17:17:00","date_gmt":"2022-11-29T16:17:00","guid":{"rendered":"https:\/\/musconstruct.be\/?page_id=5970"},"modified":"2024-05-06T09:58:43","modified_gmt":"2024-05-06T07:58:43","slug":"gros-oeuvre-maconnerie","status":"publish","type":"page","link":"https:\/\/rarenov.be\/index.php\/gros-oeuvre-maconnerie\/","title":{"rendered":"Gros \u0153uvre &#038; Ma\u00e7onnerie"},"content":{"rendered":"<section class=\"wpb-content-wrapper\"><p>[vc_row][vc_column]<div class=\"tm-element-heading-wrapper tm-heading-inner tm-element-align-left \">[vc_cta h2=\"Vous r\u00eavez d\u2019une fa\u00e7ade en Eternit ?\"  h2_use_theme_fonts=\"yes\"  h2_google_fonts=\"font_family:Arimo%3Aregular%2Citalic%2C700%2C700italic|font_style:700%20bold%20regular%3A700%3Anormal\"  h4=\"R.A Renov vous l\u2019am\u00e8ne sur un plateau !\"  h4_use_theme_fonts=\"yes\"  h4_google_fonts=\"font_family:Lato%3A100%2C100italic%2C300%2C300italic%2Cregular%2Citalic%2C700%2C700italic%2C900%2C900italic|font_style:300%20light%20regular%3A300%3Anormal\"  txt_align=\"left\"  i_css_animation=\"\" css_animation=\"\"][\/vc_cta]<\/div> <!-- .tm-element-heading-wrapper container --> [vc_row_inner][vc_column_inner][vc_column_text]R.A Renov vous l\u2019am\u00e8ne sur un plateau ! Et avant cela, nous sommes aussi en mesure de r\u00e9aliser tous vos travaux de gros \u0153uvre et de ma\u00e7onnerie : nous vous assurons ainsi des bases solides sur lesquelles monter votre fa\u00e7ade en brique ou votre bardage <strong>Eternit \u00e0 Anderlecht<\/strong> et en r\u00e9gion bruxelloise.<\/p>\n<h2>Nos comp\u00e9tences en ma\u00e7onnerie<\/h2>\n<p>Nous prenons en charge :<\/p>\n<ul>\n<li>Le coffrage et le coulage du b\u00e9ton<\/li>\n<li>La r\u00e9alisation de dalles en b\u00e9ton<\/li>\n<li>Les travaux de construction et de r\u00e9novation, en briques, pierres et blocs<\/li>\n<li>Le bardage de fa\u00e7ade, en ardoises ou en Eternit<\/li>\n<\/ul>\n<h2>Notre entreprise vient \u00e0 vous !<\/h2>\n<p>Vous n\u2019habitez pas \u00e0 proximit\u00e9 d\u2019Anderlecht ? Pas de probl\u00e8me : la soci\u00e9t\u00e9 RA-Renov SRL se d\u00e9place partout en Belgique pour donner vie \u00e0 la maison de vos r\u00eaves.<\/p>\n<p>Nous sommes \u00e0 votre disposition pour toute information compl\u00e9mentaire : n\u2019h\u00e9sitez pas \u00e0 prendre <strong><a href=\"https:\/\/rarenov.be\/index.php\/contact\/\">contact<\/a> <\/strong>avec nous.<\/p>\n<div id=\"ConnectiveDocSignExtentionInstalled\" data-extension-version=\"1.0.4\"><\/div>\n<p>[\/vc_column_text][\/vc_column_inner][vc_column_inner][\/vc_column_inner][\/vc_row_inner][\/vc_column][\/vc_row][vc_row][vc_column]<div class=\"tm-element-heading-wrapper tm-heading-inner tm-element-align-left \">[vc_cta h2=\"Vous r\u00eavez d\u2019une fa\u00e7ade\"  h2_use_theme_fonts=\"yes\"  h2_google_fonts=\"font_family:Arimo%3Aregular%2Citalic%2C700%2C700italic|font_style:700%20bold%20regular%3A700%3Anormal\"  h4_use_theme_fonts=\"yes\"  h4_google_fonts=\"font_family:Lato%3A100%2C100italic%2C300%2C300italic%2Cregular%2Citalic%2C700%2C700italic%2C900%2C900italic|font_style:300%20light%20regular%3A300%3Anormal\"  txt_align=\"left\"  i_css_animation=\"\" css_animation=\"\"][\/vc_cta]<\/div> <!-- .tm-element-heading-wrapper container --> [vc_row_inner css=&#8221;.vc_custom_1434617785175{margin-bottom: 40px !important;}&#8221;][vc_column_inner width=&#8221;2\/3&#8243;][vc_images_carousel images=&#8221;5973,5926,5930&#8243; img_size=&#8221;450X350&#8243; speed=&#8221;3000&#8243; autoplay=&#8221;yes&#8221; hide_pagination_control=&#8221;yes&#8221; hide_prev_next_buttons=&#8221;yes&#8221; css=&#8221;.vc_custom_1670489589651{margin-left: 50px !important;}&#8221;][\/vc_column_inner][vc_column_inner width=&#8221;1\/3&#8243;][vc_column_text css=&#8221;.vc_custom_1703338064490{margin-left: -10px !important;}&#8221;]Vous r\u00eavez d\u2019une fa\u00e7ade en Eternit ?<br \/>\nRA-Renov SRL vous l\u2019am\u00e8ne sur un plateau ![\/vc_column_text][\/vc_column_inner][\/vc_row_inner][\/vc_column][\/vc_row]<\/p>\n<\/section>","protected":false},"excerpt":{"rendered":"<p>[vc_row][vc_column][vc_row_inner][vc_column_inner][vc_column_text]R.A Renov vous l\u2019am\u00e8ne sur un plateau ! Et avant cela, nous sommes aussi en mesure de r\u00e9aliser tous vos travaux de gros \u0153uvre et de ma\u00e7onnerie : nous vous assurons ainsi des bases solides sur lesquelles monter votre fa\u00e7ade en brique ou votre bardage Eternit \u00e0 Anderlecht et en r\u00e9gion bruxelloise. Nos comp\u00e9tences en [&hellip;]<\/p>\n","protected":false},"author":1,"featured_media":0,"parent":0,"menu_order":18,"comment_status":"closed","ping_status":"closed","template":"","meta":{"footnotes":""},"class_list":["post-5970","page","type-page","status-publish","hentry"],"_links":{"self":[{"href":"https:\/\/rarenov.be\/index.php\/wp-json\/wp\/v2\/pages\/5970","targetHints":{"allow":["GET"]}}],"collection":[{"href":"https:\/\/rarenov.be\/index.php\/wp-json\/wp\/v2\/pages"}],"about":[{"href":"https:\/\/rarenov.be\/index.php\/wp-json\/wp\/v2\/types\/page"}],"author":[{"embeddable":true,"href":"https:\/\/rarenov.be\/index.php\/wp-json\/wp\/v2\/users\/1"}],"replies":[{"embeddable":true,"href":"https:\/\/rarenov.be\/index.php\/wp-json\/wp\/v2\/comments?post=5970"}],"version-history":[{"count":5,"href":"https:\/\/rarenov.be\/index.php\/wp-json\/wp\/v2\/pages\/5970\/revisions"}],"predecessor-version":[{"id":6213,"href":"https:\/\/rarenov.be\/index.php\/wp-json\/wp\/v2\/pages\/5970\/revisions\/6213"}],"wp:attachment":[{"href":"https:\/\/rarenov.be\/index.php\/wp-json\/wp\/v2\/media?parent=5970"}],"curies":[{"name":"wp","href":"https:\/\/api.w.org\/{rel}","templated":true}]}}