{"id":5978,"date":"2022-11-29T17:27:57","date_gmt":"2022-11-29T16:27:57","guid":{"rendered":"https:\/\/musconstruct.be\/?page_id=5978"},"modified":"2024-05-06T09:59:35","modified_gmt":"2024-05-06T07:59:35","slug":"plomberie","status":"publish","type":"page","link":"https:\/\/rarenov.be\/index.php\/plomberie\/","title":{"rendered":"Plomberie"},"content":{"rendered":"<section class=\"wpb-content-wrapper\"><p>[vc_row][vc_column]<div class=\"tm-element-heading-wrapper tm-heading-inner tm-element-align-left \">[vc_cta h2=\"Un plombier comp\u00e9tent et exp\u00e9riment\u00e9\"  h2_use_theme_fonts=\"yes\"  h2_google_fonts=\"font_family:Arimo%3Aregular%2Citalic%2C700%2C700italic|font_style:700%20bold%20regular%3A700%3Anormal\"  h4=\"Si vous \u00eates sur le point de refaire la plomberie de votre maison ou que vous envisagez une transformation de salle de bain.\"  h4_use_theme_fonts=\"yes\"  h4_google_fonts=\"font_family:Lato%3A100%2C100italic%2C300%2C300italic%2Cregular%2Citalic%2C700%2C700italic%2C900%2C900italic|font_style:300%20light%20regular%3A300%3Anormal\"  txt_align=\"left\"  i_css_animation=\"\" css_animation=\"\"][\/vc_cta]<\/div> <!-- .tm-element-heading-wrapper container --> [vc_row_inner][vc_column_inner][vc_column_text]R.A Renov est la soci\u00e9t\u00e9 qu\u2019il vous faut. Pour vos petits et gros travaux, nous vous envoyons un <strong>plombier \u00e0 Anderlecht<\/strong> ou ailleurs dans la r\u00e9gion, afin d\u2019entreprendre toutes les r\u00e9parations et am\u00e9liorations n\u00e9cessaires.<\/p>\n<h2>Nos services de plomberie<\/h2>\n<p>Nous nous chargeons :<\/p>\n<ul>\n<li>Du raccordement \u00e0 l\u2019\u00e9gout<\/li>\n<li>Du traitement de l\u2019eau<\/li>\n<li>De l\u2019installation de vos sanitaires (WC, salle de bain)<\/li>\n<li>De la r\u00e9novation de votre salle de bain<\/li>\n<li>De l\u2019installation de votre cuisine \u00e9quip\u00e9e<\/li>\n<\/ul>\n<h2>Demandez une estimation des co\u00fbts<\/h2>\n<p>Vous h\u00e9sitez \u00e0 vous lancer dans de nouveaux travaux car vous avez peur que cela vous co\u00fbte trop cher ? R.A Renov \u00e9tablit gratuitement votre devis : ainsi, vous \u00eates assur\u00e9 de n\u2019avoir aucune mauvaise surprise !<\/p>\n<p>Vous avez besoin d\u2019un plombier dans les meilleurs d\u00e9lais ? N\u2019h\u00e9sitez pas \u00e0 <strong><a href=\"https:\/\/rarenov.be\/index.php\/contact\/\">nous contacter<\/a><\/strong> : bas\u00e9s \u00e0 Anderlecht, nous nous d\u00e9pla\u00e7ons dans l\u2019ensemble de la Belgique pour prendre en charge vos travaux.<\/p>\n<div id=\"ConnectiveDocSignExtentionInstalled\" data-extension-version=\"1.0.4\"><\/div>\n<p>[\/vc_column_text][\/vc_column_inner][vc_column_inner][\/vc_column_inner][\/vc_row_inner][\/vc_column][\/vc_row][vc_row][vc_column]<div class=\"tm-element-heading-wrapper tm-heading-inner tm-element-align-left \">[vc_cta h2=\"Un plombier comp\u00e9tent et exp\u00e9riment\u00e9\"  h2_use_theme_fonts=\"yes\"  h2_google_fonts=\"font_family:Arimo%3Aregular%2Citalic%2C700%2C700italic|font_style:700%20bold%20regular%3A700%3Anormal\"  h4_use_theme_fonts=\"yes\"  h4_google_fonts=\"font_family:Lato%3A100%2C100italic%2C300%2C300italic%2Cregular%2Citalic%2C700%2C700italic%2C900%2C900italic|font_style:300%20light%20regular%3A300%3Anormal\"  txt_align=\"left\"  i_css_animation=\"\" css_animation=\"\"][\/vc_cta]<\/div> <!-- .tm-element-heading-wrapper container --> [vc_row_inner css=&#8221;.vc_custom_1434617785175{margin-bottom: 40px !important;}&#8221;][vc_column_inner width=&#8221;2\/3&#8243;][vc_images_carousel images=&#8221;6099&#8243; img_size=&#8221;450&#215;300&#8243; speed=&#8221;3000&#8243; autoplay=&#8221;yes&#8221; hide_pagination_control=&#8221;yes&#8221; hide_prev_next_buttons=&#8221;yes&#8221; css=&#8221;.vc_custom_1670489621898{margin-left: 50px !important;}&#8221;][\/vc_column_inner][vc_column_inner width=&#8221;1\/3&#8243;][vc_column_text css=&#8221;.vc_custom_1703338111997{margin-left: -20px !important;}&#8221;]RA-Renov SRL est la soci\u00e9t\u00e9 qu\u2019il vous faut. Pour vos petits et gros travaux, nous vous envoyons un <strong>plombier \u00e0 Anderlecht<\/strong>[\/vc_column_text][\/vc_column_inner][\/vc_row_inner][\/vc_column][\/vc_row]<\/p>\n<\/section>","protected":false},"excerpt":{"rendered":"<p>[vc_row][vc_column][vc_row_inner][vc_column_inner][vc_column_text]R.A Renov est la soci\u00e9t\u00e9 qu\u2019il vous faut. Pour vos petits et gros travaux, nous vous envoyons un plombier \u00e0 Anderlecht ou ailleurs dans la r\u00e9gion, afin d\u2019entreprendre toutes les r\u00e9parations et am\u00e9liorations n\u00e9cessaires. Nos services de plomberie Nous nous chargeons : Du raccordement \u00e0 l\u2019\u00e9gout Du traitement de l\u2019eau De l\u2019installation de vos sanitaires [&hellip;]<\/p>\n","protected":false},"author":1,"featured_media":0,"parent":0,"menu_order":20,"comment_status":"closed","ping_status":"closed","template":"","meta":{"footnotes":""},"class_list":["post-5978","page","type-page","status-publish","hentry"],"_links":{"self":[{"href":"https:\/\/rarenov.be\/index.php\/wp-json\/wp\/v2\/pages\/5978","targetHints":{"allow":["GET"]}}],"collection":[{"href":"https:\/\/rarenov.be\/index.php\/wp-json\/wp\/v2\/pages"}],"about":[{"href":"https:\/\/rarenov.be\/index.php\/wp-json\/wp\/v2\/types\/page"}],"author":[{"embeddable":true,"href":"https:\/\/rarenov.be\/index.php\/wp-json\/wp\/v2\/users\/1"}],"replies":[{"embeddable":true,"href":"https:\/\/rarenov.be\/index.php\/wp-json\/wp\/v2\/comments?post=5978"}],"version-history":[{"count":2,"href":"https:\/\/rarenov.be\/index.php\/wp-json\/wp\/v2\/pages\/5978\/revisions"}],"predecessor-version":[{"id":6214,"href":"https:\/\/rarenov.be\/index.php\/wp-json\/wp\/v2\/pages\/5978\/revisions\/6214"}],"wp:attachment":[{"href":"https:\/\/rarenov.be\/index.php\/wp-json\/wp\/v2\/media?parent=5978"}],"curies":[{"name":"wp","href":"https:\/\/api.w.org\/{rel}","templated":true}]}}